{"id":207,"date":"2014-10-25T18:04:37","date_gmt":"2014-11-25T18:04:37","guid":{"rendered":"https:\/\/demo.mekshq.com\/voice\/?page_id=207"},"modified":"2023-08-20T17:34:52","modified_gmt":"2023-08-20T17:34:52","slug":"home","status":"publish","type":"page","link":"https:\/\/myluencer.com\/en\/","title":{"rendered":"HOME &#8211; MyLuencer"},"content":{"rendered":"<div class=\"wp-block-image is-style-default\">\n<figure class=\"aligncenter size-full kioken-border-radii\" style=\"border-radius:183px\"><img loading=\"lazy\" decoding=\"async\" width=\"828\" height=\"315\" src=\"https:\/\/myluencer.com\/wp-content\/uploads\/2021\/07\/FB_Cover_02.jpg\" alt=\"\" class=\"wp-image-1852\" title=\"Myluencer Lead Thread Feed\" srcset=\"https:\/\/myluencer.com\/wp-content\/uploads\/2021\/07\/FB_Cover_02.jpg 828w, https:\/\/myluencer.com\/wp-content\/uploads\/2021\/07\/FB_Cover_02-300x114.jpg 300w, https:\/\/myluencer.com\/wp-content\/uploads\/2021\/07\/FB_Cover_02-768x292.jpg 768w\" sizes=\"auto, (max-width: 828px) 100vw, 828px\" \/><\/figure>\n<\/div>\n\n\n<div class=\"wp-block-kioken-spacer is-style-fullw-text\" style=\"color:#888a6f;height:50px\"><div class=\"spacer-text-wrap kt_d_flex kt_flex_aligncenter kt_flex_justifycenter\"><span class=\"spacer-line\" style=\"background-color:#888a6f\"><\/span><span class=\"spacer-text\" style=\"color:#999999\">MyLuencer.com <\/span><span class=\"spacer-line\" style=\"background-color:#888a6f\"><\/span><\/div><hr\/><\/div>\n\n\n\n<h3 class=\"wp-block-heading alignfull has-text-align-center has-times-new-roman-font-family has-custom-font\" style=\"font-family:Times New Roman\">&#8220;Verbinde, Erschaffe, Inspiriere: Willkommen bei MyLuencer&#8221;<\/h3>\n\n\n\n<hr class=\"wp-block-separator has-text-color has-herald-acc-color has-css-opacity has-herald-acc-background-color has-background is-style-wide\"\/>\n\n\n\n<figure class=\"wp-block-pullquote has-text-align-right alignfull has-background is-style-solid-color has-text-color has-times-new-roman-font-family has-custom-font has-custom-weight\" style=\"color:#ffffff;background-color:#303c46;font-style:normal;font-weight:bold;font-family:Times New Roman\"><blockquote><p>Enter the world of \"MyLuencer\" - the place that provides a space for creativity. This is about inspiring and nurturing people. Our goal is to create a platform where true passions, experiences and dreams can be shared.<br>Moving away from the usual influencers and celebrities, we're looking for \"luencers\" - people who talk about what's close to their hearts without filters.<br>Be fascinated by behind-the-scenes insights and discover stories that connect us. Our mission is all about authentic inspiration, far from stereotypical role models. We invite you to be part of a community where you can learn and grow from like-minded people.<br>Our content is available in both English and German to appeal to a diverse readership. We aim to break down barriers while creating a casual, genuine atmosphere - a place without boundaries and with a touch of levity.<br>Ready to be part of this pioneering community?<br>Send us an email and join us as a \"Luencer\".<\/p><cite>MyLuencer<\/cite><\/blockquote><\/figure>\n\n\n\n<hr class=\"wp-block-separator has-text-color has-herald-cat-4-color has-css-opacity has-herald-cat-4-background-color has-background alignfull is-style-wide\"\/>\n\n\n\n<div class=\"wp-block-columns alignwide are-vertically-aligned-center has-normal-font-size is-layout-flex wp-container-core-columns-is-layout-9d6595d7 wp-block-columns-is-layout-flex\">\n<div class=\"wp-block-column is-layout-flow wp-block-column-is-layout-flow\">\n<div class=\"wp-block-group\"><div class=\"wp-block-group__inner-container is-layout-constrained wp-block-group-is-layout-constrained\">\n<div class=\"wp-block-media-text alignwide has-media-on-the-right is-stacked-on-mobile has-large-font-size\" id=\"My-Luencer-Lead-Thread-Feed-\"><div class=\"wp-block-media-text__content\">\n<p class=\"has-text-align-left has-large-font-size has-times-new-roman-font-family has-custom-size has-custom-font has-custom-lineheight has-custom-letterspacing\" style=\"line-height:1;font-family:Times New Roman;letter-spacing:-1.8px;font-size:40px\"><strong>Vision: <\/strong><\/p>\n\n\n\n<p class=\"has-large-font-size has-times-new-roman-font-family has-custom-size has-custom-font has-custom-lineheight has-custom-letterspacing\" style=\"line-height:1.2;font-family:Times New Roman;letter-spacing:-1.3px;font-size:28px\">\u201cLead \u2013 Thread \u2013 Feed\u201d<\/p>\n<\/div><figure class=\"wp-block-media-text__media\"><img loading=\"lazy\" decoding=\"async\" width=\"1024\" height=\"719\" src=\"https:\/\/myluencer.com\/wp-content\/uploads\/2021\/07\/Bildschirmfoto-2021-07-24-um-16.03.13-1024x719.png\" alt=\"MyLuencer Lead Thread Feed Milan Amini\" class=\"wp-image-2348 size-large\" srcset=\"\" sizes=\"auto, (max-width: 1024px) 100vw, 1024px\" data-srcset=\"\" \/><\/figure><\/div>\n<\/div><\/div>\n<\/div>\n<\/div>\n\n\n\n<div class=\"wp-block-media-text alignfull has-media-on-the-right is-stacked-on-mobile is-vertically-aligned-center\"><div class=\"wp-block-media-text__content\">\n<p class=\"has-large-font-size has-custom-size has-custom-weight has-custom-lineheight has-custom-letterspacing\" style=\"line-height:1;font-weight:500;letter-spacing:-1.8px;font-size:40px\"><strong>Fundamentals<\/strong><\/p>\n\n\n\n<p class=\"has-text-align-left has-normal-font-size has-times-new-roman-font-family has-custom-size has-custom-font has-custom-lineheight has-custom-letterspacing\" style=\"line-height:1.2;font-family:Times New Roman;letter-spacing:-1.3px;font-size:28px\">\u201cMyLuencer attaches great importance to authenticity. It's a pool for creative people. A tool to promote positivity, inspiration, motivation and different thoughts on one platform. \"<\/p>\n<\/div><figure class=\"wp-block-media-text__media\"><img loading=\"lazy\" decoding=\"async\" width=\"1024\" height=\"722\" src=\"https:\/\/myluencer.com\/wp-content\/uploads\/2021\/07\/Bildschirmfoto-2021-07-24-um-16.02.34-1024x722.png\" alt=\"MyLuencer\" class=\"wp-image-2349 size-full\" srcset=\"\" sizes=\"auto, (max-width: 1024px) 100vw, 1024px\" data-srcset=\"\" \/><\/figure><\/div>\n\n\n\n<div class=\"wp-block-media-text alignfull has-media-on-the-right is-stacked-on-mobile is-vertically-aligned-center\"><div class=\"wp-block-media-text__content\">\n<p class=\"has-times-new-roman-font-family has-custom-size has-custom-font has-custom-lineheight has-custom-letterspacing\" id=\"tw-target-text\" style=\"line-height:1;font-family:Times New Roman;letter-spacing:-1.8px;font-size:40px\"><strong>Core Values &amp; Mission<\/strong><\/p>\n\n\n\n<p class=\"has-text-align-left has-normal-font-size has-times-new-roman-font-family has-custom-size has-custom-font has-custom-lineheight has-custom-letterspacing\" id=\"tw-target-text\" style=\"line-height:1.2;font-family:Times New Roman;letter-spacing:-1.3px;font-size:28px\">\u201cMyLuencer was designed to bring different perspectives to one platform. The main goal of this magazine or community blog should be: <\/p>\n\n\n\n<p class=\"has-text-align-left has-normal-font-size has-times-new-roman-font-family has-custom-size has-custom-font has-custom-lineheight has-custom-letterspacing\" id=\"tw-target-text\" style=\"line-height:1.2;font-family:Times New Roman;letter-spacing:-1.3px;font-size:28px\">Influencer, Blogger, Vlogger, stars, private individuals and people who like to make media content available, to offer a space and to accompany you on their journey through life in order to achieve something and to connect. This channel and media is open to anyone who wants to say something about anything about which they want to express their thoughts and feelings. It offers a pool for creative people with different professions in all kinds of industries. It is a self-promotion platform with a high value on authenticity. There is a big \u201cno\u201d to politics or negativity. It is a channel for encouraging positive thoughts and is intended to stimulate discussion that will lead to fruitful and productive results. \"<\/p>\n<\/div><figure class=\"wp-block-media-text__media\"><img loading=\"lazy\" decoding=\"async\" width=\"1024\" height=\"719\" src=\"https:\/\/myluencer.com\/wp-content\/uploads\/2021\/07\/Bildschirmfoto-2021-07-24-um-16.03.49-1024x719.png\" alt=\"MyLuencer\" class=\"wp-image-2350 size-full\" srcset=\"\" sizes=\"auto, (max-width: 1024px) 100vw, 1024px\" data-srcset=\"\" \/><\/figure><\/div>\n\n\n\n<hr class=\"wp-block-separator has-text-color has-herald-cat-51-color has-css-opacity has-herald-cat-51-background-color has-background alignfull is-style-wide\"\/>\n\n\n\n<div class=\"wp-block-buttons is-layout-flex wp-block-buttons-is-layout-flex\">\n<div class=\"wp-block-button has-custom-width wp-block-button__width-100 is-style-outline is-style-outline--1\"><a class=\"wp-block-button__link wp-element-button\" href=\"https:\/\/myluencer.com\/en\/\" target=\"_blank\" rel=\"noreferrer noopener\">www.myluencer.com<\/a><\/div>\n<\/div>\n\n\n<p class=\"has-text-align-center wp-block-site-tagline has-text-color has-herald-txt-color has-small-font-size\">Lead &#8211; Thread &#8211; Feed<\/p>\n\n\n<p><\/p>","protected":false},"excerpt":{"rendered":"<p>&#8220;Verbinde, Erschaffe, Inspiriere: Willkommen bei MyLuencer&#8221; Tritt ein in die Welt von \u201eMyLuencer\u201c- dem Ort, der Kreativit\u00e4t einen Raum bietet. Hier geht es darum Menschen zu inspirieren und zu f\u00f6rdern. Unser Ziel ist es, eine Plattform zu schaffen, auf der wahre Leidenschaften, Erfahrungen und Tr\u00e4ume geteilt werden k\u00f6nnen.Weg von den \u00fcblichen Influencern und Prominenten, suchen [&hellip;]<\/p>","protected":false},"author":1,"featured_media":0,"parent":0,"menu_order":0,"comment_status":"closed","ping_status":"open","template":"","meta":{"kk_blocks_editor_width":"","_kiokenblocks_attr":"","_kiokenblocks_dimensions":"","footnotes":""},"coauthors":[71],"class_list":["post-207","page","type-page","status-publish","hentry"],"_links":{"self":[{"href":"https:\/\/myluencer.com\/en\/wp-json\/wp\/v2\/pages\/207","targetHints":{"allow":["GET"]}}],"collection":[{"href":"https:\/\/myluencer.com\/en\/wp-json\/wp\/v2\/pages"}],"about":[{"href":"https:\/\/myluencer.com\/en\/wp-json\/wp\/v2\/types\/page"}],"author":[{"embeddable":true,"href":"https:\/\/myluencer.com\/en\/wp-json\/wp\/v2\/users\/1"}],"replies":[{"embeddable":true,"href":"https:\/\/myluencer.com\/en\/wp-json\/wp\/v2\/comments?post=207"}],"version-history":[{"count":103,"href":"https:\/\/myluencer.com\/en\/wp-json\/wp\/v2\/pages\/207\/revisions"}],"predecessor-version":[{"id":3329,"href":"https:\/\/myluencer.com\/en\/wp-json\/wp\/v2\/pages\/207\/revisions\/3329"}],"wp:attachment":[{"href":"https:\/\/myluencer.com\/en\/wp-json\/wp\/v2\/media?parent=207"}],"wp:term":[{"taxonomy":"author","embeddable":true,"href":"https:\/\/myluencer.com\/en\/wp-json\/wp\/v2\/coauthors?post=207"}],"curies":[{"name":"wp","href":"https:\/\/api.w.org\/{rel}","templated":true}]}}