{"id":2034,"date":"2021-07-18T17:34:09","date_gmt":"2021-07-18T17:34:09","guid":{"rendered":"https:\/\/myluencer.com\/?page_id=2034"},"modified":"2021-07-26T10:50:25","modified_gmt":"2021-07-26T10:50:25","slug":"impressum","status":"publish","type":"page","link":"https:\/\/myluencer.com\/en\/impressum\/","title":{"rendered":"Imprint"},"content":{"rendered":"<p><\/p>\n\n\n\n<p><\/p>\n\n\n\n<p><\/p>\n\n\n\n<p>Information obligation according to \u00a75 E-Commerce Law, \u00a714 Corporate Code, \u00a763 Trade Regulations and disclosure obligation according to \u00a725 Media Act<\/p>\n\n\n\n<p>Source: Created with the imprint generator of AdSimple GmbH<\/p>\n\n\n\n<h2 class=\"wp-block-heading\">EU dispute settlement<\/h2>\n\n\n\n<p>In accordance with the regulation on online dispute resolution in consumer affairs (ODR regulation), we would like to inform you about the online dispute resolution platform (OS platform).<br>Consumers have the opportunity to submit complaints to the European Commission's online dispute resolution platform at&nbsp;<a href=\"https:\/\/ec.europa.eu\/consumers\/odr\/main\/index.cfm?event=main.home2.show&amp;lng=DE\" rel=\"noreferrer noopener\" target=\"_blank\">http:\/\/ec.europa.eu\/odr<\/a>&nbsp;to judge. You can find the contact details required for this in our legal notice above.<\/p>\n\n\n\n<p>Wir m\u00f6chten Sie jedoch darauf hinweisen, dass wir nicht bereit oder verpflichtet sind, an Streitbeilegungsverfahren vor einer Verbraucherschlichtungsstelle teilzunehmen.<\/p>\n\n\n\n<h2 class=\"wp-block-heading\">Liability for the content of this website<\/h2>\n\n\n\n<p>We are constantly developing the content of this website and strive to provide correct and up-to-date information. Unfortunately, we cannot accept any liability for the correctness of all content on this website, especially for those provided by third parties.<\/p>\n\n\n\n<p>If you notice problematic or illegal content, please contact us immediately, you will find the contact details in the imprint.<\/p>\n\n\n\n<h2 class=\"wp-block-heading\">Liability for links on this website<\/h2>\n\n\n\n<p>Our website contains links to other websites for whose content we are not responsible. Liability for linked websites exists according to&nbsp;<a href=\"https:\/\/www.ris.bka.gv.at\/Dokument.wxe?Abfrage=Bundesnormen&amp;Dokumentnummer=NOR40025813&amp;tid=121083836\" rel=\"noreferrer noopener\" target=\"_blank\">\u00a7 17 ECG<\/a>&nbsp;Not for us, because we had no knowledge of illegal activities, we have not noticed such illegal activities and we would remove links immediately if we became aware of illegal activities.<\/p>\n\n\n\n<p>If you notice illegal links on our website, please contact us, you will find the contact details in the legal notice.<\/p>\n\n\n\n<h2 class=\"wp-block-heading\">Copyright notice<\/h2>\n\n\n\n<p>All contents of this website (images, photos, texts, videos) are subject to copyright. If necessary, we will legally prosecute the unauthorized use of parts of the content on our site.<\/p>\n\n\n\n<p>If you find any content on this website that violates copyright law, please contact us.<\/p>\n\n\n\n<h2 class=\"wp-block-heading\">Photo credit<\/h2>\n\n\n\n<p>The images, photos and graphics on this website are protected by copyright.<\/p>\n\n\n\n<h2 class=\"wp-block-heading\">The image rights belong to the photographers and companies<\/h2>\n\n\n\n<h2 class=\"wp-block-heading\">Dataprotection<\/h2>\n\n\n\n<p>Information on data protection can be found on our subpage under data protection. <\/p>\n\n\n\n<p><\/p>\n\n\n\n<p><strong>Contact details: <\/strong><\/p>\n\n\n\n<p>Chefredaktion: Amini Milan<br>Schmidgunstgasse 61\/19<br><strong>Telefon:<\/strong>&nbsp;0699\/124 55 166<br><strong>E-Mail:<\/strong>&nbsp;presse(at)myluencer.com<\/p>","protected":false},"excerpt":{"rendered":"<p>Informationspflicht laut \u00a75 E-Commerce Gesetz, \u00a714 Unternehmensgesetzbuch, \u00a763 Gewerbeordnung und Offenlegungspflicht laut \u00a725 Mediengesetz Quelle: Erstellt&nbsp;mit dem&nbsp;Impressum Generator der AdSimple GmbH EU-Streitschlichtung Gem\u00e4\u00df Verordnung \u00fcber Online-Streitbeilegung in Verbraucherangelegenheiten (ODR-Verordnung) m\u00f6chten wir Sie \u00fcber die Online-Streitbeilegungsplattform (OS-Plattform) informieren.Verbraucher haben die M\u00f6glichkeit, Beschwerden an die Online Streitbeilegungsplattform der Europ\u00e4ischen Kommission unter&nbsp;http:\/\/ec.europa.eu\/odr&nbsp;zu richten. Die daf\u00fcr notwendigen Kontaktdaten finden [&hellip;]<\/p>","protected":false},"author":1,"featured_media":0,"parent":0,"menu_order":0,"comment_status":"closed","ping_status":"closed","template":"","meta":{"kk_blocks_editor_width":"","_kiokenblocks_attr":"","_kiokenblocks_dimensions":"","footnotes":""},"coauthors":[71],"class_list":["post-2034","page","type-page","status-publish","hentry"],"_links":{"self":[{"href":"https:\/\/myluencer.com\/en\/wp-json\/wp\/v2\/pages\/2034","targetHints":{"allow":["GET"]}}],"collection":[{"href":"https:\/\/myluencer.com\/en\/wp-json\/wp\/v2\/pages"}],"about":[{"href":"https:\/\/myluencer.com\/en\/wp-json\/wp\/v2\/types\/page"}],"author":[{"embeddable":true,"href":"https:\/\/myluencer.com\/en\/wp-json\/wp\/v2\/users\/1"}],"replies":[{"embeddable":true,"href":"https:\/\/myluencer.com\/en\/wp-json\/wp\/v2\/comments?post=2034"}],"version-history":[{"count":3,"href":"https:\/\/myluencer.com\/en\/wp-json\/wp\/v2\/pages\/2034\/revisions"}],"predecessor-version":[{"id":2531,"href":"https:\/\/myluencer.com\/en\/wp-json\/wp\/v2\/pages\/2034\/revisions\/2531"}],"wp:attachment":[{"href":"https:\/\/myluencer.com\/en\/wp-json\/wp\/v2\/media?parent=2034"}],"wp:term":[{"taxonomy":"author","embeddable":true,"href":"https:\/\/myluencer.com\/en\/wp-json\/wp\/v2\/coauthors?post=2034"}],"curies":[{"name":"wp","href":"https:\/\/api.w.org\/{rel}","templated":true}]}}